{"id":1007,"date":"2022-11-01T14:28:34","date_gmt":"2022-11-01T13:28:34","guid":{"rendered":"https:\/\/iebsevilla.es?page_id=1007"},"modified":"2022-12-28T14:00:06","modified_gmt":"2022-12-28T13:00:06","slug":"new-pastorales","status":"publish","type":"page","link":"https:\/\/iebsevilla.es\/?page_id=1007","title":{"rendered":"Pastorales"},"content":{"rendered":"\t\t<div data-elementor-type=\"wp-page\" data-elementor-id=\"1007\" class=\"elementor elementor-1007\">\n\t\t\t\t\t\t<div class=\"elementor-inner\">\n\t\t\t\t<div class=\"elementor-section-wrap\">\n\t\t\t\t\t\t\t\t\t<section class=\"elementor-section elementor-top-section elementor-element elementor-element-f84613e elementor-section-full_width elementor-section-stretched elementor-section-height-default elementor-section-height-default\" data-id=\"f84613e\" data-element_type=\"section\" data-settings=\"{&quot;stretch_section&quot;:&quot;section-stretched&quot;,&quot;background_background&quot;:&quot;classic&quot;}\">\n\t\t\t\t\t\t<div class=\"elementor-container elementor-column-gap-default\">\n\t\t\t\t\t\t\t<div class=\"elementor-row\">\n\t\t\t\t\t<div class=\"elementor-column elementor-col-100 elementor-top-column elementor-element elementor-element-cbedf43\" data-id=\"cbedf43\" data-element_type=\"column\">\n\t\t\t<div class=\"elementor-column-wrap elementor-element-populated\">\n\t\t\t\t\t\t\t<div class=\"elementor-widget-wrap\">\n\t\t\t\t\t\t<div class=\"elementor-element elementor-element-3b96349 elementor-widget elementor-widget-spacer\" data-id=\"3b96349\" data-element_type=\"widget\" data-widget_type=\"spacer.default\">\n\t\t\t\t<div class=\"elementor-widget-container\">\n\t\t\t\t\t<div class=\"elementor-spacer\">\n\t\t\t<div class=\"elementor-spacer-inner\"><\/div>\n\t\t<\/div>\n\t\t\t\t<\/div>\n\t\t\t\t<\/div>\n\t\t\t\t\t\t<\/div>\n\t\t\t\t\t<\/div>\n\t\t<\/div>\n\t\t\t\t\t\t\t\t<\/div>\n\t\t\t\t\t<\/div>\n\t\t<\/section>\n\t\t\t\t<section class=\"elementor-section elementor-top-section elementor-element elementor-element-e92a78c elementor-section-full_width elementor-section-stretched elementor-section-height-default elementor-section-height-default\" data-id=\"e92a78c\" data-element_type=\"section\" data-settings=\"{&quot;stretch_section&quot;:&quot;section-stretched&quot;}\">\n\t\t\t\t\t\t<div class=\"elementor-container elementor-column-gap-default\">\n\t\t\t\t\t\t\t<div class=\"elementor-row\">\n\t\t\t\t\t<div class=\"elementor-column elementor-col-100 elementor-top-column elementor-element elementor-element-92b99d1\" data-id=\"92b99d1\" data-element_type=\"column\">\n\t\t\t<div class=\"elementor-column-wrap elementor-element-populated\">\n\t\t\t\t\t\t\t<div class=\"elementor-widget-wrap\">\n\t\t\t\t\t\t<div class=\"elementor-element elementor-element-9c87f40 elementor-widget elementor-widget-heading\" data-id=\"9c87f40\" data-element_type=\"widget\" data-widget_type=\"heading.default\">\n\t\t\t\t<div class=\"elementor-widget-container\">\n\t\t\t<h2 class=\"elementor-heading-title elementor-size-default\">Pastorales<\/h2>\t\t<\/div>\n\t\t\t\t<\/div>\n\t\t\t\t<div class=\"elementor-element elementor-element-c117a96 elementor-grid-3 elementor-grid-tablet-2 elementor-grid-mobile-1 elementor-posts--thumbnail-top elementor-posts--show-avatar elementor-card-shadow-yes elementor-posts__hover-gradient elementor-widget elementor-widget-posts\" data-id=\"c117a96\" data-element_type=\"widget\" data-settings=\"{&quot;cards_columns&quot;:&quot;3&quot;,&quot;cards_columns_tablet&quot;:&quot;2&quot;,&quot;cards_columns_mobile&quot;:&quot;1&quot;,&quot;cards_row_gap&quot;:{&quot;unit&quot;:&quot;px&quot;,&quot;size&quot;:35,&quot;sizes&quot;:[]},&quot;cards_row_gap_tablet&quot;:{&quot;unit&quot;:&quot;px&quot;,&quot;size&quot;:&quot;&quot;,&quot;sizes&quot;:[]},&quot;cards_row_gap_mobile&quot;:{&quot;unit&quot;:&quot;px&quot;,&quot;size&quot;:&quot;&quot;,&quot;sizes&quot;:[]}}\" data-widget_type=\"posts.cards\">\n\t\t\t\t<div class=\"elementor-widget-container\">\n\t\t\t\t\t<div class=\"elementor-posts-container elementor-posts elementor-posts--skin-cards elementor-grid\">\n\t\t\t\t<article class=\"elementor-post elementor-grid-item post-1342 post type-post status-publish format-standard has-post-thumbnail hentry category-discipulado category-pastorales\">\n\t\t\t<div class=\"elementor-post__card\">\n\t\t\t\t<a class=\"elementor-post__thumbnail__link\" href=\"https:\/\/iebsevilla.es\/?p=1342\" ><div class=\"elementor-post__thumbnail\"><img width=\"300\" height=\"200\" src=\"https:\/\/iebsevilla.es\/wp-content\/uploads\/2022\/12\/pexels-askar-abayev-5638602-300x200.jpeg\" class=\"attachment-medium size-medium wp-image-1318\" alt=\"\" decoding=\"async\" loading=\"lazy\" srcset=\"https:\/\/iebsevilla.es\/wp-content\/uploads\/2022\/12\/pexels-askar-abayev-5638602-300x200.jpeg 300w, https:\/\/iebsevilla.es\/wp-content\/uploads\/2022\/12\/pexels-askar-abayev-5638602-1024x683.jpeg 1024w, https:\/\/iebsevilla.es\/wp-content\/uploads\/2022\/12\/pexels-askar-abayev-5638602-768x512.jpeg 768w, https:\/\/iebsevilla.es\/wp-content\/uploads\/2022\/12\/pexels-askar-abayev-5638602-1536x1024.jpeg 1536w, https:\/\/iebsevilla.es\/wp-content\/uploads\/2022\/12\/pexels-askar-abayev-5638602-2048x1365.jpeg 2048w\" sizes=\"(max-width: 300px) 100vw, 300px\" \/><\/div><\/a>\n\t\t\t\t<div class=\"elementor-post__badge\">Discipulado<\/div>\n\t\t\t\t<div class=\"elementor-post__avatar\">\n\t\t\t\t\t<\/div>\n\t\t\t\t<div class=\"elementor-post__text\">\n\t\t\t\t<h3 class=\"elementor-post__title\">\n\t\t\t<a href=\"https:\/\/iebsevilla.es\/?p=1342\" >\n\t\t\t\tCualquier T\u00edtulo\t\t\t<\/a>\n\t\t<\/h3>\n\t\t\t\t<div class=\"elementor-post__excerpt\">\n\t\t\t<p>Un experimento<\/p>\n\t\t<\/div>\n\t\t\n\t\t<a class=\"elementor-post__read-more\" href=\"https:\/\/iebsevilla.es\/?p=1342\" >\n\t\t\tLeer m\u00e1s \u00bb\t\t<\/a>\n\n\t\t\t\t<\/div>\n\t\t\t\t<div class=\"elementor-post__meta-data\">\n\t\t\t\t\t<span class=\"elementor-post-date\">\n\t\t\t28 abril 2023\t\t<\/span>\n\t\t\t\t<span class=\"elementor-post-avatar\">\n\t\t\tNo hay comentarios\t\t<\/span>\n\t\t\t\t<\/div>\n\t\t\t\t\t<\/div>\n\t\t<\/article>\n\t\t\t\t<article class=\"elementor-post elementor-grid-item post-1335 post type-post status-publish format-standard has-post-thumbnail hentry category-oracion category-pastorales tag-oracion tag-orar\">\n\t\t\t<div class=\"elementor-post__card\">\n\t\t\t\t<a class=\"elementor-post__thumbnail__link\" href=\"https:\/\/iebsevilla.es\/?p=1335\" ><div class=\"elementor-post__thumbnail\"><img width=\"200\" height=\"300\" src=\"https:\/\/iebsevilla.es\/wp-content\/uploads\/2023\/04\/girl-praying-hands-15599-200x300.jpg\" class=\"attachment-medium size-medium wp-image-1336\" alt=\"girl, praying, hands-15599.jpg\" decoding=\"async\" loading=\"lazy\" srcset=\"https:\/\/iebsevilla.es\/wp-content\/uploads\/2023\/04\/girl-praying-hands-15599-200x300.jpg 200w, https:\/\/iebsevilla.es\/wp-content\/uploads\/2023\/04\/girl-praying-hands-15599-682x1024.jpg 682w, https:\/\/iebsevilla.es\/wp-content\/uploads\/2023\/04\/girl-praying-hands-15599-768x1152.jpg 768w, https:\/\/iebsevilla.es\/wp-content\/uploads\/2023\/04\/girl-praying-hands-15599.jpg 853w\" sizes=\"(max-width: 200px) 100vw, 200px\" \/><\/div><\/a>\n\t\t\t\t<div class=\"elementor-post__badge\">Oraci\u00f3n<\/div>\n\t\t\t\t<div class=\"elementor-post__avatar\">\n\t\t\t\t\t<\/div>\n\t\t\t\t<div class=\"elementor-post__text\">\n\t\t\t\t<h3 class=\"elementor-post__title\">\n\t\t\t<a href=\"https:\/\/iebsevilla.es\/?p=1335\" >\n\t\t\t\t<strong>ORAR FUNCIONA<\/strong>\t\t\t<\/a>\n\t\t<\/h3>\n\t\t\t\t<div class=\"elementor-post__excerpt\">\n\t\t\t<p>Clama a mi y yo te responder\u00e9; te dar\u00e9 a conocer cosas grandes y maravillosas que tu no conoces (Jerem\u00edas 33.3). En el Nivel 1 de la EFOL (Escuela de Formaci\u00f3n de Liderazgo) de esta semana, hablamos un poco sobre<\/p>\n\t\t<\/div>\n\t\t\n\t\t<a class=\"elementor-post__read-more\" href=\"https:\/\/iebsevilla.es\/?p=1335\" >\n\t\t\tLeer m\u00e1s \u00bb\t\t<\/a>\n\n\t\t\t\t<\/div>\n\t\t\t\t<div class=\"elementor-post__meta-data\">\n\t\t\t\t\t<span class=\"elementor-post-date\">\n\t\t\t28 abril 2023\t\t<\/span>\n\t\t\t\t<span class=\"elementor-post-avatar\">\n\t\t\t1 comentario\t\t<\/span>\n\t\t\t\t<\/div>\n\t\t\t\t\t<\/div>\n\t\t<\/article>\n\t\t\t\t<article class=\"elementor-post elementor-grid-item post-1181 post type-post status-publish format-standard has-post-thumbnail hentry category-discipulado category-pastorales\">\n\t\t\t<div class=\"elementor-post__card\">\n\t\t\t\t<a class=\"elementor-post__thumbnail__link\" href=\"https:\/\/iebsevilla.es\/?p=1181\" ><div class=\"elementor-post__thumbnail\"><img width=\"300\" height=\"300\" src=\"https:\/\/iebsevilla.es\/wp-content\/uploads\/2022\/10\/8_About_Business_Consulting_Company-Hero-Img_1-300x300.jpg\" class=\"attachment-medium size-medium wp-image-804\" alt=\"\" decoding=\"async\" loading=\"lazy\" srcset=\"https:\/\/iebsevilla.es\/wp-content\/uploads\/2022\/10\/8_About_Business_Consulting_Company-Hero-Img_1-300x300.jpg 300w, https:\/\/iebsevilla.es\/wp-content\/uploads\/2022\/10\/8_About_Business_Consulting_Company-Hero-Img_1-150x150.jpg 150w, https:\/\/iebsevilla.es\/wp-content\/uploads\/2022\/10\/8_About_Business_Consulting_Company-Hero-Img_1-270x270.jpg 270w, https:\/\/iebsevilla.es\/wp-content\/uploads\/2022\/10\/8_About_Business_Consulting_Company-Hero-Img_1-230x230.jpg 230w, https:\/\/iebsevilla.es\/wp-content\/uploads\/2022\/10\/8_About_Business_Consulting_Company-Hero-Img_1.jpg 470w\" sizes=\"(max-width: 300px) 100vw, 300px\" \/><\/div><\/a>\n\t\t\t\t<div class=\"elementor-post__badge\">Discipulado<\/div>\n\t\t\t\t<div class=\"elementor-post__avatar\">\n\t\t\t\t\t<\/div>\n\t\t\t\t<div class=\"elementor-post__text\">\n\t\t\t\t<h3 class=\"elementor-post__title\">\n\t\t\t<a href=\"https:\/\/iebsevilla.es\/?p=1181\" >\n\t\t\t\tHacer disc\u00edpulos que hacen disc\u00edpulos\t\t\t<\/a>\n\t\t<\/h3>\n\t\t\t\t<div class=\"elementor-post__excerpt\">\n\t\t\t<p>El principal prop\u00f3sito De la Iglesia sigue siendo el mismo: Discipular naciones.<\/p>\n\t\t<\/div>\n\t\t\n\t\t<a class=\"elementor-post__read-more\" href=\"https:\/\/iebsevilla.es\/?p=1181\" >\n\t\t\tLeer m\u00e1s \u00bb\t\t<\/a>\n\n\t\t\t\t<\/div>\n\t\t\t\t<div class=\"elementor-post__meta-data\">\n\t\t\t\t\t<span class=\"elementor-post-date\">\n\t\t\t3 noviembre 2022\t\t<\/span>\n\t\t\t\t<span class=\"elementor-post-avatar\">\n\t\t\tNo hay comentarios\t\t<\/span>\n\t\t\t\t<\/div>\n\t\t\t\t\t<\/div>\n\t\t<\/article>\n\t\t\t\t<article class=\"elementor-post elementor-grid-item post-1004 post type-post status-publish format-standard has-post-thumbnail hentry category-uncategorized\">\n\t\t\t<div class=\"elementor-post__card\">\n\t\t\t\t<a class=\"elementor-post__thumbnail__link\" href=\"https:\/\/iebsevilla.es\/?p=1004\" ><div class=\"elementor-post__thumbnail\"><img width=\"300\" height=\"180\" src=\"https:\/\/iebsevilla.es\/wp-content\/uploads\/2022\/11\/worship1-300x180.jpeg\" class=\"attachment-medium size-medium wp-image-989\" alt=\"\" decoding=\"async\" loading=\"lazy\" srcset=\"https:\/\/iebsevilla.es\/wp-content\/uploads\/2022\/11\/worship1-300x180.jpeg 300w, https:\/\/iebsevilla.es\/wp-content\/uploads\/2022\/11\/worship1-768x461.jpeg 768w, https:\/\/iebsevilla.es\/wp-content\/uploads\/2022\/11\/worship1.jpeg 800w\" sizes=\"(max-width: 300px) 100vw, 300px\" \/><\/div><\/a>\n\t\t\t\t<div class=\"elementor-post__badge\">Uncategorized<\/div>\n\t\t\t\t<div class=\"elementor-post__avatar\">\n\t\t\t\t\t<\/div>\n\t\t\t\t<div class=\"elementor-post__text\">\n\t\t\t\t<h3 class=\"elementor-post__title\">\n\t\t\t<a href=\"https:\/\/iebsevilla.es\/?p=1004\" >\n\t\t\t\tHola, this is a second post\t\t\t<\/a>\n\t\t<\/h3>\n\t\t\t\t<div class=\"elementor-post__excerpt\">\n\t\t\t<p>Lorem ipsum dolor sit amet, consectetur adipiscing elit. Phasellus tristique urna in leo luctus pulvinar. Praesent sollicitudin gravida semper. Maecenas quis ligula molestie, fringilla enim et, aliquet nunc. Donec ultrices vulputate lobortis. Praesent eros nisi, sollicitudin vel auctor id, lobortis<\/p>\n\t\t<\/div>\n\t\t\n\t\t<a class=\"elementor-post__read-more\" href=\"https:\/\/iebsevilla.es\/?p=1004\" >\n\t\t\tLeer m\u00e1s \u00bb\t\t<\/a>\n\n\t\t\t\t<\/div>\n\t\t\t\t<div class=\"elementor-post__meta-data\">\n\t\t\t\t\t<span class=\"elementor-post-date\">\n\t\t\t1 noviembre 2022\t\t<\/span>\n\t\t\t\t<span class=\"elementor-post-avatar\">\n\t\t\tNo hay comentarios\t\t<\/span>\n\t\t\t\t<\/div>\n\t\t\t\t\t<\/div>\n\t\t<\/article>\n\t\t\t\t<article class=\"elementor-post elementor-grid-item post-986 post type-post status-publish format-standard has-post-thumbnail hentry category-uncategorized\">\n\t\t\t<div class=\"elementor-post__card\">\n\t\t\t\t<a class=\"elementor-post__thumbnail__link\" href=\"https:\/\/iebsevilla.es\/?p=986\" ><div class=\"elementor-post__thumbnail\"><img width=\"300\" height=\"200\" src=\"https:\/\/iebsevilla.es\/wp-content\/uploads\/2022\/11\/worship2-300x200.jpeg\" class=\"attachment-medium size-medium wp-image-990\" alt=\"\" decoding=\"async\" loading=\"lazy\" srcset=\"https:\/\/iebsevilla.es\/wp-content\/uploads\/2022\/11\/worship2-300x200.jpeg 300w, https:\/\/iebsevilla.es\/wp-content\/uploads\/2022\/11\/worship2-1024x682.jpeg 1024w, https:\/\/iebsevilla.es\/wp-content\/uploads\/2022\/11\/worship2-768x512.jpeg 768w, https:\/\/iebsevilla.es\/wp-content\/uploads\/2022\/11\/worship2-1536x1024.jpeg 1536w, https:\/\/iebsevilla.es\/wp-content\/uploads\/2022\/11\/worship2.jpeg 2000w\" sizes=\"(max-width: 300px) 100vw, 300px\" \/><\/div><\/a>\n\t\t\t\t<div class=\"elementor-post__badge\">Uncategorized<\/div>\n\t\t\t\t<div class=\"elementor-post__avatar\">\n\t\t\t\t\t<\/div>\n\t\t\t\t<div class=\"elementor-post__text\">\n\t\t\t\t<h3 class=\"elementor-post__title\">\n\t\t\t<a href=\"https:\/\/iebsevilla.es\/?p=986\" >\n\t\t\t\tThis is a post test\t\t\t<\/a>\n\t\t<\/h3>\n\t\t\t\t<div class=\"elementor-post__excerpt\">\n\t\t\t<p>Lorem ipsum dolor sit amet, consectetur adipiscing elit. Phasellus tristique urna in leo luctus pulvinar. Praesent sollicitudin gravida semper. Maecenas quis ligula molestie, fringilla enim et, aliquet nunc. Donec ultrices vulputate lobortis. Praesent eros nisi, sollicitudin vel auctor id, lobortis<\/p>\n\t\t<\/div>\n\t\t\n\t\t<a class=\"elementor-post__read-more\" href=\"https:\/\/iebsevilla.es\/?p=986\" >\n\t\t\tLeer m\u00e1s \u00bb\t\t<\/a>\n\n\t\t\t\t<\/div>\n\t\t\t\t<div class=\"elementor-post__meta-data\">\n\t\t\t\t\t<span class=\"elementor-post-date\">\n\t\t\t1 noviembre 2022\t\t<\/span>\n\t\t\t\t<span class=\"elementor-post-avatar\">\n\t\t\tNo hay comentarios\t\t<\/span>\n\t\t\t\t<\/div>\n\t\t\t\t\t<\/div>\n\t\t<\/article>\n\t\t\t\t<article class=\"elementor-post elementor-grid-item post-298 post type-post status-publish format-standard hentry category-uncategorized\">\n\t\t\t<div class=\"elementor-post__card\">\n\t\t\t\t<div class=\"elementor-post__text\">\n\t\t\t\t<h3 class=\"elementor-post__title\">\n\t\t\t<a href=\"https:\/\/iebsevilla.es\/?p=298\" >\n\t\t\t\tTEST\t\t\t<\/a>\n\t\t<\/h3>\n\t\t\t\t<div class=\"elementor-post__excerpt\">\n\t\t\t\t\t<\/div>\n\t\t\n\t\t<a class=\"elementor-post__read-more\" href=\"https:\/\/iebsevilla.es\/?p=298\" >\n\t\t\tLeer m\u00e1s \u00bb\t\t<\/a>\n\n\t\t\t\t<\/div>\n\t\t\t\t<div class=\"elementor-post__meta-data\">\n\t\t\t\t\t<span class=\"elementor-post-date\">\n\t\t\t11 abril 2020\t\t<\/span>\n\t\t\t\t<span class=\"elementor-post-avatar\">\n\t\t\tNo hay comentarios\t\t<\/span>\n\t\t\t\t<\/div>\n\t\t\t\t\t<\/div>\n\t\t<\/article>\n\t\t\t\t<\/div>\n\n\n\t\t\n\t\t\t\t<\/div>\n\t\t\t\t<\/div>\n\t\t\t\t\t\t<\/div>\n\t\t\t\t\t<\/div>\n\t\t<\/div>\n\t\t\t\t\t\t\t\t<\/div>\n\t\t\t\t\t<\/div>\n\t\t<\/section>\n\t\t\t\t\t\t\t\t\t<\/div>\n\t\t\t<\/div>\n\t\t\t\t\t<\/div>\n\t\t","protected":false},"excerpt":{"rendered":"<p>Pastorales<\/p>\n","protected":false},"author":1,"featured_media":0,"parent":0,"menu_order":0,"comment_status":"closed","ping_status":"closed","template":"","meta":[],"yoast_head":"<!-- This site is optimized with the Yoast SEO plugin v19.13 - https:\/\/yoast.com\/wordpress\/plugins\/seo\/ -->\n<title>Pastorales - IEBS<\/title>\n<meta name=\"robots\" content=\"index, follow, max-snippet:-1, max-image-preview:large, max-video-preview:-1\" \/>\n<link rel=\"canonical\" href=\"https:\/\/iebsevilla.es\/?page_id=1007\" \/>\n<meta property=\"og:locale\" content=\"es_ES\" \/>\n<meta property=\"og:type\" content=\"article\" \/>\n<meta property=\"og:title\" content=\"Pastorales - IEBS\" \/>\n<meta property=\"og:description\" content=\"Pastorales\" \/>\n<meta property=\"og:url\" content=\"https:\/\/iebsevilla.es\/?page_id=1007\" \/>\n<meta property=\"og:site_name\" content=\"IEBS\" \/>\n<meta property=\"article:modified_time\" content=\"2022-12-28T13:00:06+00:00\" \/>\n<meta name=\"twitter:card\" content=\"summary_large_image\" \/>\n<script type=\"application\/ld+json\" class=\"yoast-schema-graph\">{\"@context\":\"https:\/\/schema.org\",\"@graph\":[{\"@type\":\"WebPage\",\"@id\":\"https:\/\/iebsevilla.es\/?page_id=1007\",\"url\":\"https:\/\/iebsevilla.es\/?page_id=1007\",\"name\":\"Pastorales - IEBS\",\"isPartOf\":{\"@id\":\"https:\/\/iebsevilla.es\/#website\"},\"datePublished\":\"2022-11-01T13:28:34+00:00\",\"dateModified\":\"2022-12-28T13:00:06+00:00\",\"breadcrumb\":{\"@id\":\"https:\/\/iebsevilla.es\/?page_id=1007#breadcrumb\"},\"inLanguage\":\"es\",\"potentialAction\":[{\"@type\":\"ReadAction\",\"target\":[\"https:\/\/iebsevilla.es\/?page_id=1007\"]}]},{\"@type\":\"BreadcrumbList\",\"@id\":\"https:\/\/iebsevilla.es\/?page_id=1007#breadcrumb\",\"itemListElement\":[{\"@type\":\"ListItem\",\"position\":1,\"name\":\"Home\",\"item\":\"https:\/\/iebsevilla.es\/\"},{\"@type\":\"ListItem\",\"position\":2,\"name\":\"Pastorales\"}]},{\"@type\":\"WebSite\",\"@id\":\"https:\/\/iebsevilla.es\/#website\",\"url\":\"https:\/\/iebsevilla.es\/\",\"name\":\"IEBS\",\"description\":\"Iglesia Bautista de Sevilla\",\"publisher\":{\"@id\":\"https:\/\/iebsevilla.es\/#organization\"},\"potentialAction\":[{\"@type\":\"SearchAction\",\"target\":{\"@type\":\"EntryPoint\",\"urlTemplate\":\"https:\/\/iebsevilla.es\/?s={search_term_string}\"},\"query-input\":\"required name=search_term_string\"}],\"inLanguage\":\"es\"},{\"@type\":\"Organization\",\"@id\":\"https:\/\/iebsevilla.es\/#organization\",\"name\":\"IEBS\",\"url\":\"https:\/\/iebsevilla.es\/\",\"logo\":{\"@type\":\"ImageObject\",\"inLanguage\":\"es\",\"@id\":\"https:\/\/iebsevilla.es\/#\/schema\/logo\/image\/\",\"url\":\"https:\/\/iebsevilla.es\/wp-content\/uploads\/2020\/04\/cropped-WhatsApp-Image-2020-04-07-at-20.27.51-e1586286567397.jpeg\",\"contentUrl\":\"https:\/\/iebsevilla.es\/wp-content\/uploads\/2020\/04\/cropped-WhatsApp-Image-2020-04-07-at-20.27.51-e1586286567397.jpeg\",\"width\":80,\"height\":70,\"caption\":\"IEBS\"},\"image\":{\"@id\":\"https:\/\/iebsevilla.es\/#\/schema\/logo\/image\/\"}}]}<\/script>\n<!-- \/ Yoast SEO plugin. -->","yoast_head_json":{"title":"Pastorales - IEBS","robots":{"index":"index","follow":"follow","max-snippet":"max-snippet:-1","max-image-preview":"max-image-preview:large","max-video-preview":"max-video-preview:-1"},"canonical":"https:\/\/iebsevilla.es\/?page_id=1007","og_locale":"es_ES","og_type":"article","og_title":"Pastorales - IEBS","og_description":"Pastorales","og_url":"https:\/\/iebsevilla.es\/?page_id=1007","og_site_name":"IEBS","article_modified_time":"2022-12-28T13:00:06+00:00","twitter_card":"summary_large_image","schema":{"@context":"https:\/\/schema.org","@graph":[{"@type":"WebPage","@id":"https:\/\/iebsevilla.es\/?page_id=1007","url":"https:\/\/iebsevilla.es\/?page_id=1007","name":"Pastorales - IEBS","isPartOf":{"@id":"https:\/\/iebsevilla.es\/#website"},"datePublished":"2022-11-01T13:28:34+00:00","dateModified":"2022-12-28T13:00:06+00:00","breadcrumb":{"@id":"https:\/\/iebsevilla.es\/?page_id=1007#breadcrumb"},"inLanguage":"es","potentialAction":[{"@type":"ReadAction","target":["https:\/\/iebsevilla.es\/?page_id=1007"]}]},{"@type":"BreadcrumbList","@id":"https:\/\/iebsevilla.es\/?page_id=1007#breadcrumb","itemListElement":[{"@type":"ListItem","position":1,"name":"Home","item":"https:\/\/iebsevilla.es\/"},{"@type":"ListItem","position":2,"name":"Pastorales"}]},{"@type":"WebSite","@id":"https:\/\/iebsevilla.es\/#website","url":"https:\/\/iebsevilla.es\/","name":"IEBS","description":"Iglesia Bautista de Sevilla","publisher":{"@id":"https:\/\/iebsevilla.es\/#organization"},"potentialAction":[{"@type":"SearchAction","target":{"@type":"EntryPoint","urlTemplate":"https:\/\/iebsevilla.es\/?s={search_term_string}"},"query-input":"required name=search_term_string"}],"inLanguage":"es"},{"@type":"Organization","@id":"https:\/\/iebsevilla.es\/#organization","name":"IEBS","url":"https:\/\/iebsevilla.es\/","logo":{"@type":"ImageObject","inLanguage":"es","@id":"https:\/\/iebsevilla.es\/#\/schema\/logo\/image\/","url":"https:\/\/iebsevilla.es\/wp-content\/uploads\/2020\/04\/cropped-WhatsApp-Image-2020-04-07-at-20.27.51-e1586286567397.jpeg","contentUrl":"https:\/\/iebsevilla.es\/wp-content\/uploads\/2020\/04\/cropped-WhatsApp-Image-2020-04-07-at-20.27.51-e1586286567397.jpeg","width":80,"height":70,"caption":"IEBS"},"image":{"@id":"https:\/\/iebsevilla.es\/#\/schema\/logo\/image\/"}}]}},"_links":{"self":[{"href":"https:\/\/iebsevilla.es\/index.php?rest_route=\/wp\/v2\/pages\/1007"}],"collection":[{"href":"https:\/\/iebsevilla.es\/index.php?rest_route=\/wp\/v2\/pages"}],"about":[{"href":"https:\/\/iebsevilla.es\/index.php?rest_route=\/wp\/v2\/types\/page"}],"author":[{"embeddable":true,"href":"https:\/\/iebsevilla.es\/index.php?rest_route=\/wp\/v2\/users\/1"}],"replies":[{"embeddable":true,"href":"https:\/\/iebsevilla.es\/index.php?rest_route=%2Fwp%2Fv2%2Fcomments&post=1007"}],"version-history":[{"count":11,"href":"https:\/\/iebsevilla.es\/index.php?rest_route=\/wp\/v2\/pages\/1007\/revisions"}],"predecessor-version":[{"id":1271,"href":"https:\/\/iebsevilla.es\/index.php?rest_route=\/wp\/v2\/pages\/1007\/revisions\/1271"}],"wp:attachment":[{"href":"https:\/\/iebsevilla.es\/index.php?rest_route=%2Fwp%2Fv2%2Fmedia&parent=1007"}],"curies":[{"name":"wp","href":"https:\/\/api.w.org\/{rel}","templated":true}]}}